{"id":664,"date":"2022-01-19T13:51:22","date_gmt":"2022-01-19T12:51:22","guid":{"rendered":"http:\/\/explorateur-quantique.com\/?page_id=664"},"modified":"2022-01-19T17:16:37","modified_gmt":"2022-01-19T16:16:37","slug":"mentions-legales","status":"publish","type":"page","link":"https:\/\/explorateur-quantique.com\/index.php\/mentions-legales\/","title":{"rendered":"Mentions L\u00e9gales"},"content":{"rendered":"\n[et_pb_section fb_built=\u00a0\u00bb1&Prime; _builder_version=\u00a0\u00bb4.9.10&Prime; _module_preset=\u00a0\u00bbdefault\u00a0\u00bb][et_pb_row admin_label=\u00a0\u00bbMentions L\u00e9gales\u00a0\u00bb _builder_version=\u00a0\u00bb4.9.10&Prime; _module_preset=\u00a0\u00bbdefault\u00a0\u00bb][et_pb_column type=\u00a0\u00bb4_4&Prime; _builder_version=\u00a0\u00bb4.9.10&Prime; _module_preset=\u00a0\u00bbdefault\u00a0\u00bb][et_pb_accordion _builder_version=\u00a0\u00bb4.9.10&Prime; _module_preset=\u00a0\u00bbdefault\u00a0\u00bb][et_pb_accordion_item title=\u00a0\u00bbMENTIONS LEGALES\u00a0\u00bb title_tablet=\u00a0\u00bb\u00a0\u00bb title_phone=\u00a0\u00bb\u00a0\u00bb title_last_edited=\u00a0\u00bbon|phone\u00a0\u00bb _builder_version=\u00a0\u00bb4.9.10&Prime; _module_preset=\u00a0\u00bbdefault\u00a0\u00bb open=\u00a0\u00bbon\u00a0\u00bb]<p><strong><\/strong><\/p>\n<p><strong>Editeur :<\/strong><\/p>\n<p>Xavier Collard<\/p>\n<p>N\u00b0 RCS\/r\u00e9pertoire des m\u00e9tiers : 837 959 576 00013<\/p>\n<p>Adresse : 2 rue basse du Ch\u00e2teau 39230 SELLIERES<\/p>\n<p>N\u00b0 TVA Intracommunautaire : Exon\u00e9r\u00e9 de TVA, art. 293-B du CGI<\/p>\n<p>Tel 06.88.32.27.20 &#8211; Email : <a href=\"mailto:xcd@orange.fr\">xcd@orange.fr<\/a><\/p>\n<p>&nbsp;<\/p>\n<p><strong>Directeur de publication :<\/strong><\/p>\n<p>Monsieur Xavier Collard, joignable aux m\u00eames coordonn\u00e9es que l&rsquo;\u00e9diteur<\/p>\n<p>&nbsp;<\/p>\n<p><strong>H\u00e9bergeur :<\/strong><\/p>\n<p>La soci\u00e9t\u00e9 OVH dont le si\u00e8ge est situ\u00e9 2 rue Kellermann 59100 Roubaix (France) &#8211; <a href=\"mailto:support@ovh.com\">support@ovh.com<\/a><\/p>[\/et_pb_accordion_item][et_pb_accordion_item title=\u00a0\u00bbCONDITIONS D&rsquo;UTILISATION\u00a0\u00bb open=\u00a0\u00bboff\u00a0\u00bb _builder_version=\u00a0\u00bb4.9.10&Prime; _module_preset=\u00a0\u00bbdefault\u00a0\u00bb]<p><strong>Propri\u00e9t\u00e9 intellectuelle :<\/strong><\/p>\n<p>Sous r\u00e9serve des droits de ses partenaires, le contenu du site est la propri\u00e9t\u00e9 exclusive de l&rsquo;Editeur et est prot\u00e9g\u00e9 par les lois fran\u00e7aises et internationales relatives \u00e0 la propri\u00e9t\u00e9 intellectuelle. Ce droit de propri\u00e9t\u00e9 inclut, le cas \u00e9ch\u00e9ant, les bases de donn\u00e9es pr\u00e9sentes sur le site qui sont prot\u00e9g\u00e9es au titre du droit sui generis des producteurs de bases de donn\u00e9es.<strong><\/strong><\/p>\n<p>Les \u00e9l\u00e9ments du site, pris dans leur ensemble ou individuellement, ne peuvent faire l&rsquo;objet d&rsquo;aucune utilisation, transformation, traduction, adaptation, reproduction, exploitation, totale ou partielle, non express\u00e9ment autoris\u00e9e par l&rsquo;Editeur, sous peine de poursuites. Cela signifie notamment que les utilisateurs du site ne peuvent t\u00e9l\u00e9charger ou copier-coller ces contenus \u00e0 d\u00e9faut d&rsquo;autorisation expresse par la loi ou par l&rsquo;Editeur.<\/p>\n<p><strong><\/strong><\/p>[\/et_pb_accordion_item][\/et_pb_accordion][\/et_pb_column][\/et_pb_row][\/et_pb_section]\n","protected":false},"excerpt":{"rendered":"<p>MENTIONS LEGALES Editeur : Xavier Collard N\u00b0 RCS\/r\u00e9pertoire des m\u00e9tiers : 837 959 576 00013 Adresse : 2 rue basse du Ch\u00e2teau 39230 SELLIERES N\u00b0 TVA Intracommunautaire : Exon\u00e9r\u00e9 de TVA, art. 293-B du CGI Tel 06.88.32.27.20 &#8211; Email : xcd@orange.fr &nbsp; Directeur de publication : Monsieur Xavier Collard, joignable aux m\u00eames coordonn\u00e9es que l&rsquo;\u00e9diteur [&hellip;]<\/p>\n","protected":false},"author":1,"featured_media":0,"parent":0,"menu_order":0,"comment_status":"closed","ping_status":"closed","template":"","meta":{"_et_pb_use_builder":"on","_et_pb_old_content":"","_et_gb_content_width":""},"_links":{"self":[{"href":"https:\/\/explorateur-quantique.com\/index.php\/wp-json\/wp\/v2\/pages\/664"}],"collection":[{"href":"https:\/\/explorateur-quantique.com\/index.php\/wp-json\/wp\/v2\/pages"}],"about":[{"href":"https:\/\/explorateur-quantique.com\/index.php\/wp-json\/wp\/v2\/types\/page"}],"author":[{"embeddable":true,"href":"https:\/\/explorateur-quantique.com\/index.php\/wp-json\/wp\/v2\/users\/1"}],"replies":[{"embeddable":true,"href":"https:\/\/explorateur-quantique.com\/index.php\/wp-json\/wp\/v2\/comments?post=664"}],"version-history":[{"count":14,"href":"https:\/\/explorateur-quantique.com\/index.php\/wp-json\/wp\/v2\/pages\/664\/revisions"}],"predecessor-version":[{"id":688,"href":"https:\/\/explorateur-quantique.com\/index.php\/wp-json\/wp\/v2\/pages\/664\/revisions\/688"}],"wp:attachment":[{"href":"https:\/\/explorateur-quantique.com\/index.php\/wp-json\/wp\/v2\/media?parent=664"}],"curies":[{"name":"wp","href":"https:\/\/api.w.org\/{rel}","templated":true}]}}